{"id":131,"date":"2020-02-14T11:39:11","date_gmt":"2020-02-14T11:39:11","guid":{"rendered":"https:\/\/asicall.it\/?page_id=131"},"modified":"2022-01-19T09:37:45","modified_gmt":"2022-01-19T09:37:45","slug":"modalita-di-adesione","status":"publish","type":"page","link":"https:\/\/asicall.it\/index.php\/modalita-di-adesione\/","title":{"rendered":"Modalit\u00e0 di Adesione"},"content":{"rendered":"\t\t<div data-elementor-type=\"wp-page\" data-elementor-id=\"131\" class=\"elementor elementor-131\" data-elementor-post-type=\"page\">\n\t\t\t\t\t\t<section class=\"elementor-section elementor-top-section elementor-element elementor-element-b30d4a3 elementor-section-boxed elementor-section-height-default elementor-section-height-default\" data-id=\"b30d4a3\" data-element_type=\"section\" data-e-type=\"section\">\n\t\t\t\t\t\t<div class=\"elementor-container elementor-column-gap-default\">\n\t\t\t\t\t<div class=\"elementor-column elementor-col-100 elementor-top-column elementor-element elementor-element-bcb26bd\" data-id=\"bcb26bd\" data-element_type=\"column\" data-e-type=\"column\">\n\t\t\t<div class=\"elementor-widget-wrap elementor-element-populated\">\n\t\t\t\t\t\t<div class=\"elementor-element elementor-element-3fda453 elementor-widget elementor-widget-heading\" data-id=\"3fda453\" data-element_type=\"widget\" data-e-type=\"widget\" data-widget_type=\"heading.default\">\n\t\t\t\t<div class=\"elementor-widget-container\">\n\t\t\t\t\t<h2 class=\"elementor-heading-title elementor-size-default\">Modalit\u00e0 di Adesione - Obbligo di Versamento <\/h2>\t\t\t\t<\/div>\n\t\t\t\t<\/div>\n\t\t\t\t\t<\/div>\n\t\t<\/div>\n\t\t\t\t\t<\/div>\n\t\t<\/section>\n\t\t\t\t<section class=\"elementor-section elementor-top-section elementor-element elementor-element-16b40ac8 elementor-section-boxed elementor-section-height-default elementor-section-height-default\" data-id=\"16b40ac8\" data-element_type=\"section\" data-e-type=\"section\">\n\t\t\t\t\t\t<div class=\"elementor-container elementor-column-gap-default\">\n\t\t\t\t\t<div class=\"elementor-column elementor-col-100 elementor-top-column elementor-element elementor-element-578584bb\" data-id=\"578584bb\" data-element_type=\"column\" data-e-type=\"column\">\n\t\t\t<div class=\"elementor-widget-wrap elementor-element-populated\">\n\t\t\t\t\t\t<div class=\"elementor-element elementor-element-3ec1f27d elementor-widget elementor-widget-text-editor\" data-id=\"3ec1f27d\" data-element_type=\"widget\" data-e-type=\"widget\" data-widget_type=\"text-editor.default\">\n\t\t\t\t<div class=\"elementor-widget-container\">\n\t\t\t\t\t\t\t\t\t<p>Il Fondo di Assistenza Sanitaria erogher\u00e0 prestazioni ai collaboratori in convenzione con il partner UNISALUTE, gestendo prestazioni sanitarie integrative nonch\u00e9 le prestazioni previste dalla stessa convenzione (pacchetto maternit\u00e0, visite specialistiche, spese odontoiatriche). Tali prestazioni costituiscono un diritto contrattuale del collaboratore, il quale matura, nei confronti delle Aziende non aderenti e non versanti, il diritto alla prestazione equivalente rispetto a quanto erogato dal Fondo.<\/p>\n<p>Cosi anche si \u00e8 espresso <strong>il Ministero del Lavoro con circolare del 15\/12\/2010<\/strong> dove assegna alle prestazioni <strong>erogate dal Fondo Sanitario previsto dal AEC un diritto contrattuale del lavoratore di natura retributiva e quindi,<\/strong> al di l\u00e0 del fatto che l\u2019impresa sia iscritta o no, i lavoratori hanno diritto a tutte le prestazioni che la contrattazione ha definito e che sono normalmente erogate dall\u2019 Ente, e nel caso l\u2019 azienda non sia iscritta all\u2019 Ente, \u00e8 l\u2019azienda stessa che deve corrispondere l\u2019 indennit\u00e0 economica equivalente ai servizi offerti e definita contrattualmente.<\/p>\n<p>Vi ricordo, pertanto, che ai fini della copertura del collaboratore, <strong>entro il 16 del mese<\/strong> dovr\u00e0 essere inviato il file, per la copertura del mese, tenendo presente che UNISALUTE erogher\u00e0 le prestazioni sanitarie dal mese successivo (l\u2019azienda invia il file di FEBBRAIO, il collaboratore sar\u00e0 coperto da Marzo) e quindi alla cessazione del rapporto godr\u00e0 di un ulteriore mese di copertura.<\/p>\n<p>Ricordiamo alle Aziende che in caso di omissione nel versamento sar\u00e0 tenuta ad erogare l\u2019indennit\u00e0 sostituiva pari ad euro 30,00 mensili per ogni collaboratore, e che l\u2019iscrizione al Fondo Sanitario Asicall \u00e8 obbligatoria, e pertanto il lavoratore deve richiedere i rimborsi previsti dalla Polizza Sanitaria direttamente al Datore di Lavoro.<\/p>\n<p>I nostri Uffici sono a vostra disposizione per ogni ulteriore informazione e per assistervi ai fini del corretto adempimento.<\/p>\t\t\t\t\t\t\t\t<\/div>\n\t\t\t\t<\/div>\n\t\t\t\t\t<\/div>\n\t\t<\/div>\n\t\t\t\t\t<\/div>\n\t\t<\/section>\n\t\t\t\t<\/div>\n\t\t","protected":false},"excerpt":{"rendered":"<p>Modalit\u00e0 di Adesione &#8211; Obbligo di Versamento Il Fondo di Assistenza Sanitaria erogher\u00e0 prestazioni ai collaboratori in convenzione con il partner UNISALUTE, gestendo prestazioni sanitarie integrative nonch\u00e9 le prestazioni previste dalla stessa convenzione (pacchetto maternit\u00e0, visite specialistiche, spese odontoiatriche). Tali prestazioni costituiscono un diritto contrattuale del collaboratore, il quale matura, nei confronti delle Aziende non [&hellip;]<\/p>\n","protected":false},"author":2,"featured_media":0,"parent":0,"menu_order":0,"comment_status":"closed","ping_status":"closed","template":"elementor_header_footer","meta":{"footnotes":""},"class_list":["post-131","page","type-page","status-publish","hentry"],"_links":{"self":[{"href":"https:\/\/asicall.it\/index.php\/wp-json\/wp\/v2\/pages\/131","targetHints":{"allow":["GET"]}}],"collection":[{"href":"https:\/\/asicall.it\/index.php\/wp-json\/wp\/v2\/pages"}],"about":[{"href":"https:\/\/asicall.it\/index.php\/wp-json\/wp\/v2\/types\/page"}],"author":[{"embeddable":true,"href":"https:\/\/asicall.it\/index.php\/wp-json\/wp\/v2\/users\/2"}],"replies":[{"embeddable":true,"href":"https:\/\/asicall.it\/index.php\/wp-json\/wp\/v2\/comments?post=131"}],"version-history":[{"count":8,"href":"https:\/\/asicall.it\/index.php\/wp-json\/wp\/v2\/pages\/131\/revisions"}],"predecessor-version":[{"id":186,"href":"https:\/\/asicall.it\/index.php\/wp-json\/wp\/v2\/pages\/131\/revisions\/186"}],"wp:attachment":[{"href":"https:\/\/asicall.it\/index.php\/wp-json\/wp\/v2\/media?parent=131"}],"curies":[{"name":"wp","href":"https:\/\/api.w.org\/{rel}","templated":true}]}}